{"id":995,"date":"2024-02-22T01:31:36","date_gmt":"2024-02-21T23:31:36","guid":{"rendered":"https:\/\/iceadr.ro\/?page_id=995"},"modified":"2024-03-08T11:14:01","modified_gmt":"2024-03-08T09:14:01","slug":"2019-2","status":"publish","type":"page","link":"https:\/\/iceadr.ro\/en\/articole-isi\/2019-2\/","title":{"rendered":"2019"},"content":{"rendered":"\n<ol class=\"wp-block-list\">\n<li>Steliana RODINO, Alina BUTU, Vili DRAGOMIR, Marian BUTU\n<ul class=\"wp-block-list\">\n<li><em>An analysis regarding the biomass production sector in Romania &#8211; a bioeconomy point of view<\/em> &#8211; Scientific Papers Series Management, Economic Engineering in Agriculture and Rural Development, 2019, <a href=\"https:\/\/www.researchgate.net\/profile\/Valerii-Koliada\/publication\/337544822_USAMV_SP_volume_19_1_2019_page_241-247\/links\/5ddd40ae92851c83644a70cd\/USAMV-SP-volume-19-1-2019-page-241-247.pdf#page=497\" class=\"ek-link\"><\/a><a href=\"https:\/\/www.researchgate.net\/profile\/Valerii-Koliada\/publication\/337544822_USAMV_SP_volume_19_1_2019_page_241-247\/links\/5ddd40ae92851c83644a70cd\/USAMV-SP-volume-19-1-2019-page-241-247.pdf#page=497\">USAMV-SP-volume-19-1-2019-page-241-247.pdf (researchgate.net)<\/a><\/li>\n<\/ul>\n<\/li>\n\n\n\n<li>Steliana RODINO, Ana URSU, Ruxandra POP, Dragomir Vili \n<ul class=\"wp-block-list\">\n<li>\u201e<em>Drivers for Rural Development of Danube\u2019s Delta Region<\/em>\u201d, 33rd IBIMA Conference: 10-11 April 2019, Granada, Spain, ISBN: 978-0-9998551-2-6, <a href=\"https:\/\/ibima.org\/accepted-paper\/drivers-for-rural-development-of-danubes-delta-region\/\">Drivers for Rural Development of Danube\u2019s Delta Region | International Business Information Management Association (IBIMA)<\/a><\/li>\n<\/ul>\n<\/li>\n\n\n\n<li>Steliana RODINO, Alina BUTU, Vili DRAGOMIR, Marian BUTU\n<ul class=\"wp-block-list\">\n<li> \u201e<em>An analysis regarding the biomass production sector in Romania &#8211; a bioeconomy point of view<\/em>\u201d, Scientific Papers Series &#8220;Management, Economic Engineering in Agriculture and rural development&#8221;, Vol. 19 ISSUE 1, <strong>I<\/strong>SSN 2284-7995, ISSN Online 2285-3952, <a href=\"https:\/\/managementjournal.usamv.ro\/pdf\/vol.19_1\/Art62.pdf\" class=\"ek-link\">Art62.pdf (usamv.ro)<\/a><\/li>\n<\/ul>\n<\/li>\n\n\n\n<li>Rozi Liliana BEREVOIANU, Ancu\u021ba MARIN, Steliana RODINO\n<ul class=\"wp-block-list\">\n<li><em>The economic impact in the vegetables production sector (tomatoes) of the support scheme for the program to support tomatoes production in protected spaces for 2019 <\/em>&#8211; Simpozionului \u015etiin\u0163ific International \u2013 Agrarian Economy and Rural Development \u2013 Realities and Perspectives for Romania \u2013 ICEADR, Bucure\u015fti, Editia a 10-a,&nbsp; ISSN 2668\u20130955, ISSN-L 2285\u20136803, <a href=\"https:\/\/symposium.iceadr.ro\/wp-content\/uploads\/2023\/03\/ICEADR-symposium-2019-ENG.pdf\">https:\/\/symposium.iceadr.ro\/wp-content\/uploads\/2023\/03\/ICEADR-symposium-2019-ENG.pdf<\/a><\/li>\n<\/ul>\n<\/li>\n\n\n\n<li>Rozi Liliana BEREVOIANU\n<ul class=\"wp-block-list\">\n<li><em>Eficien\u021ba economic\u0103 a culturii de conopid\u0103 \u00een c\u00e2mp cultivat\u0103 \u00een sistem de agricultur\u0103 conven\u021bional\u0103 \u0219i ecologic\u0103<\/em> &#8211; Oferta Cercet\u0103rii \u0218tiin\u021bifice pentru Transfer Tehonologic \u00een Agricultur\u0103, Industria Alimentar\u0103 \u0219i Silvicultur\u0103, Editura Ceres, Vol. XXII, ISSN 1844-0355 (disponibil la biblioteca)<\/li>\n<\/ul>\n<\/li>\n\n\n\n<li>Alexandra Marina BR\u0102TULESCU\n<ul class=\"wp-block-list\">\n<li><em>Studiu privind cantitatea de pesticide aplicate \u00een agricultur\u0103 (perioada de analiz\u0103 2013-2017)<\/em> &#8211; Oferta cercet\u0103rii \u0219tiin\u021bifice pentru transfer tehnologic \u00een agricultur\u0103, industria alimentar\u0103 \u0219i silvicultur\u0103; ISSN &#8211; 1844-0355, 2019 (disponibil la biblioteca)<\/li>\n<\/ul>\n<\/li>\n\n\n\n<li>Alexandra Marina BR\u0102TULESCU, Elena SURCA\n<ul class=\"wp-block-list\">\n<li><em>Analiza sprijinului financiar acordat pentru cultura de gr\u00e2u \u0219i influen\u021ba acestuia \u00een pre\u021b<\/em> &#8211; Oferta cercet\u0103rii \u0219tiin\u021bifice pentru transfer tehnologic \u00een agricultur\u0103, industria alimentar\u0103 \u0219i silvicultur\u0103; ISSN&nbsp;&#8211; 1844-0355, 2019 (disponibil la biblioteca)<\/li>\n<\/ul>\n<\/li>\n\n\n\n<li>Alexandra Marina BR\u0102TULESCU, Alina MARCUTA\n<ul class=\"wp-block-list\">\n<li><em>Analiza comparativ\u0103 privind indicatorii tehnici pentru agricultura conven\u021bional\u0103 \u0219i ecologic\u0103<\/em> &#8211; The 10th International Symposium &#8220;Agrarian Economy and Rural Development &#8211; Realities and Perspectives for Romania&#8221;, 2019, ISSN 2668-0955, ISSN-L 2285-6803, <a href=\"https:\/\/symposium.iceadr.ro\/wp-content\/uploads\/2023\/03\/ICEADR-symposium-2019-ENG.pdf\">symposium.iceadr.ro\/wp-content\/uploads\/2023\/03\/ICEADR-symposium-2019-ENG.pdf<\/a><\/li>\n<\/ul>\n<\/li>\n\n\n\n<li>Alexandra Marina BR\u0102TULESCU\n<ul class=\"wp-block-list\">\n<li><em>Studiu privind principalele activit\u0103\u021bi economice din Rom\u00e2nia<\/em> &#8211; The 10th International Symposium &#8220;Agrarian Economy and Rural Development &#8211; Realities and Perspectives for Romania&#8221;, 2019, <a href=\"https:\/\/symposium.iceadr.ro\/wp-content\/uploads\/2023\/03\/ICEADR-symposium-2019-RO.pdf\" class=\"ek-link\">https:\/\/symposium.iceadr.ro\/wp-content\/uploads\/2023\/03\/ICEADR-symposium-2019-RO.pdf<\/a><\/li>\n<\/ul>\n<\/li>\n\n\n\n<li>Alexandra-Marina BR\u0102TULESCU (MANOLACHE), Ionu\u021b-Lauren\u021biu PETRE, Liviu M\u0102RCU\u021a\u0102, Alina Gabriela M\u0102RCU\u021a\u0102\n<ul class=\"wp-block-list\">\n<li><em>The Necessary of Labor Force in the Two Conventional and Ecological Agricultural Systems<\/em> &#8211; Scientific Papers. Series \u201cManagement, Economic Engineering in Agriculture and Rural Development\u201d, Vol. 19 Issue 2 Online ISSN: 2601-6222, 2019, <a href=\"http:\/\/managementjournal.usamv.ro\/pdf\/vol.19_2\/volume_19_2_2019.pdf\">http:\/\/managementjournal.usamv.ro\/pdf\/vol.19_2\/volume_19_2_2019.pdf<\/a><\/li>\n<\/ul>\n<\/li>\n\n\n\n<li>Daniela Nicoleta B\u0102DAN, Ionu\u021b Lauren\u021biu PETRE\n<ul class=\"wp-block-list\">\n<li><em>Analysis of domestic production in relation to the demand and supply of grapes in Romania <\/em>&#8211; Series Management, Economic Engineering In Agriculture And Rural Development, Volume 19, Issue 3\/2019, <a href=\"https:\/\/managementjournal.usamv.ro\/pdf\/vol.19_3\/Art12.pdf\">https:\/\/managementjournal.usamv.ro\/pdf\/vol.19_3\/Art12.pdf<\/a><\/li>\n<\/ul>\n<\/li>\n\n\n\n<li>Daniela Nicoleta B\u0102DAN, Mihaela-Cristina VLAD, Petru\u021ba Antoneta TUREK-RAHOVEANU, Rozi Liliana BEREVOIANU\n<ul class=\"wp-block-list\">\n<li><em>Analysis of the potential of the park of machines and agricultural equipment at regional level<\/em> &#8211; Simpozionului \u015etiin\u0163ific International \u2013 Agrarian Economy and Rural Development \u2013 Realities and Perspectives for Romania \u2013 ICEADR, Bucure\u015fti, Editia a 10-a,&nbsp; ISSN 2668\u20130955, ISSN-L 2285\u20136803, <a href=\"https:\/\/www.econstor.eu\/bitstream\/10419\/221868\/1\/ICEADR-2019-p247.pdf\" class=\"ek-link\">https:\/\/www.econstor.eu\/bitstream\/10419\/221868\/1\/ICEADR-2019-p247.pdf<\/a><\/li>\n<\/ul>\n<\/li>\n\n\n\n<li>Daniela Nicoleta B\u0102DAN\n<ul class=\"wp-block-list\">\n<li><em>Analysis of technical and economic indicators for maize culture in the period 2007-2017 <\/em>&#8211; Simpozionului \u015etiin\u0163ific International \u2013 Agrarian Economy and Rural Development \u2013 Realities and Perspectives for Romania \u2013 ICEADR, Bucure\u015fti, Editia a 10-a,&nbsp; ISSN 2668\u20130955, ISSN-L 2285\u20136803, <a href=\"https:\/\/www.econstor.eu\/bitstream\/10419\/221856\/1\/ICEADR-2019-p167.pdf\">https:\/\/www.econstor.eu\/bitstream\/10419\/221856\/1\/ICEADR-2019-p167.pdf<\/a><\/li>\n<\/ul>\n<\/li>\n\n\n\n<li>Daniela Nicoleta B\u0102DAN, Petru\u021ba Antoneta TUREK-RAHOVEANU, Diana Maria NECULA (ILIE)\n<ul class=\"wp-block-list\">\n<li><em>Study regarding the analysis of the agricultural subsidies from Romania compared to the E.U. between 2007-2017<\/em> &#8211; Simpozionului \u015etiin\u0163ific International \u2013 Agrarian Economy and Rural Development \u2013 Realities and Perspectives for Romania \u2013 ICEADR, Bucure\u015fti, Editia a 10-a,&nbsp; ISSN 2668\u20130955, ISSN-L 2285\u20136803, <a href=\"https:\/\/www.econstor.eu\/bitstream\/10419\/221852\/1\/ICEADR-2019-p140.pdf\" class=\"ek-link\">https:\/\/www.econstor.eu\/bitstream\/10419\/221852\/1\/ICEADR-2019-p140.pdf<\/a><\/li>\n<\/ul>\n<\/li>\n\n\n\n<li>Ana URSU, Ionut Laurentiu PETRE\n<ul class=\"wp-block-list\">\n<li><em>Comparative study on the stability of agricultural production in the main field crops cultivated in the Republic of Moldova and some EU countries<\/em> &#8211; <em>The 14<sup>th<\/sup> edition, <\/em>&nbsp;Chisinau, Chisinau, October, 2019<em> International Conference&nbsp; <\/em>on Theoretical and Applied Economic Practices&nbsp; \u201eEconomic Growth in Conditions of Globalization: welfare and social inclusion\u201d <a href=\"https:\/\/ibn.idsi.md\/ro\/vizualizare_articol\/86276\/crossref\">https:\/\/ibn.idsi.md\/ro\/vizualizare_articol\/86276\/crossref<\/a><\/li>\n<\/ul>\n<\/li>\n\n\n\n<li>Ana URSU, Eduard DUMITRU\n<ul class=\"wp-block-list\">\n<li><em>Study on the consumer preferences regarding the purchase of products of animal origin in the pre-pandemic and during the pandemic COVID-19 period<\/em> &#8211; <em>The 15<sup>th<\/sup> edition, <\/em>Chisinau, October 23, 2020\u201d International Scientific Conference \u201e<em>Economic and Social Implications of the Covid-19 Pandemic: Analysis, Forecasts and Consequences Mitigation Strategies\u201d<\/em> <a href=\"https:\/\/ibn.idsi.md\/vizualizare_articol\/116917\">https:\/\/ibn.idsi.md\/vizualizare_articol\/116917<\/a><\/li>\n<\/ul>\n<\/li>\n\n\n\n<li>Ana URSU\n<ul class=\"wp-block-list\">\n<li><em>Retrospective analysis of statistical indicators for vegetable and animal agricultural products obtained in the conventional system and in ecological agriculture<\/em> &#8211; 11<sup>th<\/sup>-a ICEADR International Symposium &#8220;Agrarian Economy and Rural Development \u2013 Realities and Perspectives for Romania&#8221;, <a href=\"https:\/\/symposium.iceadr.ro\/archive\/archive\/\">https:\/\/symposium.iceadr.ro\/archive\/archive\/<\/a><\/li>\n<\/ul>\n<\/li>\n\n\n\n<li>Rodica CHETROIU\n<ul class=\"wp-block-list\">\n<li><em>The dynamics of social mutations in rural areas of Tulcea county<\/em>, Romania &#8211; Scientific Papers Series Management, Economic Engineering in Agriculture and Rural Development Vol. 19, Issue 3, 2019, <a href=\"https:\/\/managementjournal.usamv.ro\/pdf\/vol.19_3\/Art16.pdf\" class=\"ek-link\">https:\/\/managementjournal.usamv.ro\/pdf\/vol.19_3\/Art16.pdf<\/a><\/li>\n<\/ul>\n<\/li>\n\n\n\n<li>Rodica CHETROIU\n<ul class=\"wp-block-list\">\n<li><em>Dynamics of the bovine products markets in Romania &#8211; milk and bee<\/em>f &#8211; International Scientific Conference \u201eSustainable agriculture and rural development in terms of the Republic of Serbia strategic goals realization within the Danube region&#8221; ISBN (print) 978-86-6269-067-8, ISBN (e-book) 978-86-6269-068-5, <a href=\"https:\/\/www.researchgate.net\/profile\/Nenad-Djuric\/publication\/331286495_Introduction_of_alternative_oil_plants_in_production_on_small_farms\/links\/5c7032df458515831f67b20b\/Introduction-of-alternative-oil-plants-in-production-on-small-farms.pdf#page=731&quot;\" class=\"ek-link\">https:\/\/www.researchgate.net\/<\/a><\/li>\n<\/ul>\n<\/li>\n\n\n\n<li>Rodica CHETROIU, Lidia IURCHEVICI\n<ul class=\"wp-block-list\">\n<li>Raport de pia\u021b\u0103 \u2013 carne de ovine 2012-2017, Oferta cercet\u0103rii, Vol. XXII, 2019, Editura Ceres, ISSN 1844-0355 (disponibil la biblioteca)<\/li>\n<\/ul>\n<\/li>\n\n\n\n<li>Rodica CHETROIU, Lidia IURCHEVICI\n<ul class=\"wp-block-list\">\n<li>Raport de pia\u021b\u0103 \u2013 laptele de vac\u0103 2012-2017, Oferta cercet\u0103rii, Vol. XXII, 2019, Editura Ceres, ISSN 1844-0355 (disponibil la biblioteca)<\/li>\n<\/ul>\n<\/li>\n\n\n\n<li>Rodica CHETROIU\n<ul class=\"wp-block-list\">\n<li><em>Country page Romania, Dairy Report 2019 \u2013 IFCN The Dairy Research Network,<\/em> ISSN 1610-434X (disponibil la biblioteca)<\/li>\n<\/ul>\n<\/li>\n\n\n\n<li>Rodica CHETROIU, Lidia IURCHEVICI\n<ul class=\"wp-block-list\">\n<li><em>O radiografie a pie\u021bei c\u0103rnii de pas\u0103re \u00een perioada 2012-2017<\/em> &#8211; Simpozionul IEA 2018, \u201dPie\u021bele agricole \u0219i spa\u021biul rural \u00een contextul moderniz\u0103rii \u0219i simplific\u0103rii Politicii Agricole Comune, Editura Academiei Rom\u00e2ne, 2019, ISBN 978-973-27-3127-7 (disponibil la biblioteca)<\/li>\n<\/ul>\n<\/li>\n\n\n\n<li>Ruxandra-Eugenia POP\n<ul class=\"wp-block-list\">\n<li><em>Determinant factors of the living level in rural communities in the Southeast region <\/em>&#8211; Simpozionul Interna\u021bional Economie Agrar\u0103 \u0219i Dezvoltare Rural\u0103 Realit\u0103\u021bi \u0219i Perspective pentru Rom\u00e2nia \u2013 edi\u021bia a X a, <a href=\"https:\/\/www.econstor.eu\/bitstream\/10419\/221874\/1\/ICEADR-2019-p285.pdf\" class=\"ek-link\">https:\/\/www.econstor.eu\/bitstream\/10419\/221874\/1\/ICEADR-2019-p285.pdf<\/a><\/li>\n<\/ul>\n<\/li>\n\n\n\n<li>Ancu\u021ba MARIN\n<ul class=\"wp-block-list\">\n<li><em>Romanian Agriculture Funding: Approaches Regarding the Funding in Romanian Agriculture After EU Integration<\/em> &#8211; Agrifood economics and sustainable development in contemporary society volume, Publishing house IGI GLOBAL, Pennsylvania, USA, ISBN13:&nbsp;9781522557395, ISBN10:&nbsp;1522557393, <a href=\"https:\/\/www.igi-global.com\/viewtitlesample.aspx?id=210020&amp;ptid=192030&amp;t=Romanian%20Agriculture%20Funding:%20Approaches%20Regarding%20the%20Funding%20in%20Romanian%20Agriculture%20After%20EU%20Integration&amp;isxn=9781522557395\">https:\/\/www.igi-global.com\/viewtitlesample.aspx?id=210020&amp;ptid=192030&amp;t=Romanian%20Agriculture%20Funding:%20Approaches%20Regarding%20the%20Funding%20in%20Romanian%20Agriculture%20After%20EU%20Integration&amp;isxn=9781522557395<\/a><\/li>\n<\/ul>\n<\/li>\n\n\n\n<li>Ancu\u021ba&nbsp; MARIN\n<ul class=\"wp-block-list\">\n<li><em>Tulcea county &#8211; latent agritourism potential<\/em> &#8211; The International Conference of the&nbsp;University of Agronomic Sciences and Veterinary Medicine of Bucharest Agriculture for Life, Life for Agriculture, ISSN 2284-7995, E-ISSN 2285-3952, Vol 19, Issue 2, <a href=\"http:\/\/managementjournal.usamv.ro\/index.php\/scientific-papers\/82-vol-19-issue-2\/1926-tulcea-county-latent-agritourism-potential\">http:\/\/managementjournal.usamv.ro\/index.php\/scientific-papers\/82-vol-19-issue-2\/1926-tulcea-county-latent-agritourism-potential<\/a><\/li>\n<\/ul>\n<\/li>\n\n\n\n<li>Jean Vasile ANDREI. Raluca Andreea ION, L. CHIVU, Ruxandra Eugenia POP<strong>, <\/strong>Ancu\u021ba MARIN\n<ul class=\"wp-block-list\">\n<li><em>Investigations on farmers\u2019 willingness to associate and join in environmental responsible short supply chain in Romania<\/em> &#8211; Applied ecology and environmental research, Vol 17 (2), ISSN 1589 1623, ISSN 1785 0037, AL\u00d6KI Kft., Budapest, Hungary, <a href=\"https:\/\/www.aloki.hu\/indvol17_2.htm\">https:\/\/www.aloki.hu\/indvol17_2.htm<\/a><\/li>\n<\/ul>\n<\/li>\n\n\n\n<li>Ancu\u021ba MARIN, Rodica CHETROIU Lidia IURCHEVICI\n<ul class=\"wp-block-list\">\n<li><em>Studiul pie\u021bei produselor animaliere \u2013 \u00eentre rigoarea \u0219tiin\u021bific\u0103 \u0219i realitate<\/em> &#8211; The 10<sup>th<\/sup> International Symposium Agricultural Economics and Rural Development &#8211; Realities and perspectives for Romania, <a href=\"https:\/\/symposium.iceadr.ro\/wp-content\/uploads\/2023\/03\/ICEADR-symposium-2019-ENG.pdf\" class=\"ek-link\">https:\/\/symposium.iceadr.ro\/wp-content\/uploads\/2023\/03\/ICEADR-symposium-2019-ENG.pdf<\/a><\/li>\n<\/ul>\n<\/li>\n\n\n\n<li>Diana Maria ILIE, Petru\u021ba TUREK-RAHOVEANU, Raluca Alexandra R\u0102DOI, Daniela Nicoleta B\u0102DAN\n<ul class=\"wp-block-list\">\n<li><em>Studiu comparativ privind sprijinele financiare acordate in sectorul vegetal \u00een perioadele 2007-2013 \u0219i 2014-2018<\/em> &#8211; Sesiunea \u0218tiin\u021bific\u0103 interna\u021bional\u0103 a Institutului de Economie Agrar\u0103 din cadrul Institutului National de Cercet\u0103ri Economice \u201eCostin C. Kitulescu\u201d al Academiei Rom\u00e2ne &#8220;Pie\u021bele agricole \u0219i spa\u021biul rural \u00een contextul moderniz\u0103ri \u0219i simplific\u0103rii politici agricole comune&#8221;, 2019 (disponibil la biblioteca)<\/li>\n<\/ul>\n<\/li>\n\n\n\n<li>Diana Maria NECULA (ILIE), Daniela Nicoleta B\u0102DAN\n<ul class=\"wp-block-list\">\n<li><em>Seasonality and degree of concentration of nights in tourist receiving structures, in Tulcea county, in the period 2010-2018<\/em> &#8211; Scientific Papers Series Management, Economic Engineering in Agriculture and Rural Development Vol. 19, Issue 4, 2019 PRINT ISSN 2284-7995, E-ISSN 2285-3952, <a href=\"https:\/\/managementjournal.usamv.ro\/pdf\/vol.19_4\/Art32.pdf\" class=\"ek-link\">https:\/\/managementjournal.usamv.ro\/pdf\/vol.19_4\/Art32.pdf<\/a><\/li>\n<\/ul>\n<\/li>\n<\/ol>\n","protected":false},"excerpt":{"rendered":"","protected":false},"author":1,"featured_media":0,"parent":799,"menu_order":0,"comment_status":"closed","ping_status":"closed","template":"","meta":{"_editorskit_title_hidden":false,"_editorskit_reading_time":0,"_editorskit_is_block_options_detached":false,"_editorskit_block_options_position":"{}","footnotes":""},"class_list":["post-995","page","type-page","status-publish","hentry"],"_links":{"self":[{"href":"https:\/\/iceadr.ro\/en\/wp-json\/wp\/v2\/pages\/995","targetHints":{"allow":["GET"]}}],"collection":[{"href":"https:\/\/iceadr.ro\/en\/wp-json\/wp\/v2\/pages"}],"about":[{"href":"https:\/\/iceadr.ro\/en\/wp-json\/wp\/v2\/types\/page"}],"author":[{"embeddable":true,"href":"https:\/\/iceadr.ro\/en\/wp-json\/wp\/v2\/users\/1"}],"replies":[{"embeddable":true,"href":"https:\/\/iceadr.ro\/en\/wp-json\/wp\/v2\/comments?post=995"}],"version-history":[{"count":30,"href":"https:\/\/iceadr.ro\/en\/wp-json\/wp\/v2\/pages\/995\/revisions"}],"predecessor-version":[{"id":1497,"href":"https:\/\/iceadr.ro\/en\/wp-json\/wp\/v2\/pages\/995\/revisions\/1497"}],"up":[{"embeddable":true,"href":"https:\/\/iceadr.ro\/en\/wp-json\/wp\/v2\/pages\/799"}],"wp:attachment":[{"href":"https:\/\/iceadr.ro\/en\/wp-json\/wp\/v2\/media?parent=995"}],"curies":[{"name":"wp","href":"https:\/\/api.w.org\/{rel}","templated":true}]}}