{"id":993,"date":"2024-02-22T01:31:26","date_gmt":"2024-02-21T23:31:26","guid":{"rendered":"https:\/\/iceadr.ro\/?page_id=993"},"modified":"2024-03-22T09:05:56","modified_gmt":"2024-03-22T07:05:56","slug":"2018-2","status":"publish","type":"page","link":"https:\/\/iceadr.ro\/en\/articole-isi\/2018-2\/","title":{"rendered":"2018"},"content":{"rendered":"\n<ol class=\"wp-block-list\">\n<li>Alexandra Marina BR\u0102TULESCU \n<ul class=\"wp-block-list\">\n<li><em>Studiu privind evolu\u021bia suprafe\u021belor&nbsp; \u0219i a produc\u021biilor medii&nbsp; pentru cultura de rapi\u021b\u0103 \u00een Rom\u00e2nia, perioada de analiz\u0103 2010-2016<\/em> &#8211; Oferta cercet\u0103rii \u0219tiin\u021bifice pentru transfer tehnologic \u00een agricultur\u0103, industria alimentar\u0103 \u0219i silvicultur\u0103; ISSN &#8211; 1844-0355, 2018 (disponibil la biblioteca)<\/li>\n<\/ul>\n<\/li>\n\n\n\n<li>Alexandra Marina BR\u0102TULESCU\n<ul class=\"wp-block-list\">\n<li><em>Dinamica produc\u021biei la cultura de soia din Rom\u00e2nia \u00een perioada 2010-2016<\/em> &#8211; Simpozionul Interna\u021bional Economie Agrar\u0103 \u0219i Dezvoltare Rural\u0103, Realit\u0103\u021bi \u0219i Perspective pentru Rom\u00e2nia-edi\u021bia a IX a, Noiembrie 2018, ISSN 2285-6404, ISSN-L\u00a02247-7187, 2018 <a href=\"https:\/\/symposium.iceadr.ro\/wp-content\/uploads\/2023\/03\/ICEADR-symposium-2018-RO.pdf\" class=\"ek-link\">https:\/\/symposium.iceadr.ro\/wp-content\/uploads\/2023\/03\/ICEADR-symposium-2018-RO.pdf<\/a><\/li>\n<\/ul>\n<\/li>\n\n\n\n<li>Alexandra Marina BR\u0102TULESCU, Diana CRETU\n<ul class=\"wp-block-list\">\n<li><em>Studiu privind pia\u021ba sfeclei de zah\u0103r din Rom\u00e2nia \u00een perioada 2010-2016<\/em> &#8211; Simpozionul Interna\u021bional Economie Agrar\u0103 \u0219i Dezvoltare Rural\u0103, Realit\u0103\u021bi \u0219i Perspective pentru Rom\u00e2nia-edi\u021bia a IX a, Noiembrie 2018, ISSN 2285-6404, ISSN-L&nbsp;2247-7187, 2018, <a href=\"https:\/\/symposium.iceadr.ro\/wp-content\/uploads\/2023\/03\/ICEADR-symposium-2018-RO.pdf\">https:\/\/symposium.iceadr.ro\/wp-content\/uploads\/2023\/03\/ICEADR-symposium-2018-RO.pdf<\/a><\/li>\n<\/ul>\n<\/li>\n\n\n\n<li>Daniela Nicoleta B\u0102DAN, Ionu\u021b Lauren\u021biu PETRE\n<ul class=\"wp-block-list\">\n<li><em>Effects of the liberalization of european sugar market in Romania<\/em> &#8211; Scientific Papers-Series Management Economic Engineering In Agriculture And Rural Development, Volume 18, Issue 4\/2018, <a href=\"https:\/\/managementjournal.usamv.ro\/pdf\/vol.18_4\/Art7.pdf\" class=\"ek-link\">https:\/\/managementjournal.usamv.ro\/pdf\/vol.18_4\/Art7.pdf<\/a> <\/li>\n<\/ul>\n<\/li>\n\n\n\n<li>Daniela Nicoleta B\u0102DAN\n<ul class=\"wp-block-list\">\n<li><em>The influence of meteorological factors on the production of maize crop in the South-Muntenia Region <\/em>&#8211; Simpozionului \u015etiin\u0163ific International \u2013 Agrarian Economy and Rural Development \u2013 Realities and Perspectives for Romania \u2013 ICEADR, Editia a 9-a,&nbsp; ISSN 2668\u20130955, ISSN-L 2285\u20136803, <a href=\"https:\/\/www.econstor.eu\/handle\/10419\/205105\" class=\"ek-link\">https:\/\/www.econstor.eu\/handle\/10419\/205105<\/a><\/li>\n<\/ul>\n<\/li>\n\n\n\n<li>Daniela Nicoleta B\u0102DAN\n<ul class=\"wp-block-list\">\n<li><em>The evolution of the technical and economic indicators for crop rice in Romania period 2006-2016<\/em> &#8211; Simpozionului \u015etiin\u0163ific International \u2013 Agrarian Economy and Rural Development \u2013 Realities and Perspectives for Romania \u2013 ICEADR, Bucure\u015fti, Editia a 9-a,&nbsp; ISSN 2668\u20130955, ISSN-L 2285\u20136803, <a href=\"https:\/\/www.econstor.eu\/bitstream\/10419\/205104\/1\/ICEADR-2018-p175.pdf\" class=\"ek-link\">https:\/\/www.econstor.eu\/bitstream\/10419\/205104\/1\/ICEADR-2018-p175.pdf<\/a><\/li>\n<\/ul>\n<\/li>\n\n\n\n<li>Daniela Nicoleta B\u0102DAN, Petru\u021ba Antoneta TUREK-RAHOVEANU\n<ul class=\"wp-block-list\">\n<li><em>Analiza indicatorilor economici pentru cultura de sfecla de zahar in perioada 2007-2016<\/em> &#8211; Oferta Cercet\u0103rii \u0218tiin\u021bifice pentru Transfer Tehnologic \u00een Agricultur\u0103, Industria Alimentar\u0103 \u0219i Silvicultur\u0103, Editura Ceres, Vol. XXVI, ISSN 1844-0355 (disponibil la biblioteca)<\/li>\n<\/ul>\n<\/li>\n\n\n\n<li>Ana URSU\n<ul class=\"wp-block-list\">\n<li><em>Influence Of Direct Payment Schemes On The Revenue Obtained In The Conventional And Ecological Farming System \u2013 Production Year 2016\u20132017<\/em> &#8211; Agricultural Economics and Rural Development, Institute of Agricultural Economics, vol. 15(1) <a href=\"https:\/\/ideas.repec.org\/s\/iag\/reviea.html\">https:\/\/ideas.repec.org\/s\/iag\/reviea.html<\/a><\/li>\n<\/ul>\n<\/li>\n\n\n\n<li>Rodica CHETROIU\n<ul class=\"wp-block-list\">\n<li>Udder measurements at \u201dAlba de Banat\u201d and \u201dCarpatina\u201d goats breeds<\/li>\n\n\n\n<li>Scientific Papers Series Management, Economic Engineering in Agriculture and Rural Development, Vol. 18, Issue 3, 2018 PRINT ISSN 284-7995, E-ISSN 2285-3952<\/li>\n\n\n\n<li><a href=\"https:\/\/managementjournal.usamv.ro\/pdf\/vol.18_3\/Art8.pdf\" class=\"ek-link\">https:\/\/managementjournal.usamv.ro\/pdf\/vol.18_3\/Art8.pdf<\/a><\/li>\n<\/ul>\n<\/li>\n\n\n\n<li>Rodica CHETROIU, Lidia IURCHEVICI\n<ul class=\"wp-block-list\">\n<li>Considerations on the functionality of short chains of sale vegetables\/fruits<\/li>\n\n\n\n<li>Simpozionul \u201eAgrarian Economy and Rural Development \u2013 Realities and Perspectives for Romania\u201d, the 9-th Edition<\/li>\n\n\n\n<li><a href=\"https:\/\/www.econstor.eu\/bitstream\/10419\/205128\/1\/ICEADR-2018-p336.pdf\" class=\"ek-link\">https:\/\/www.econstor.eu\/bitstream\/10419\/205128\/1\/ICEADR-2018-p336.pdf<\/a><\/li>\n<\/ul>\n<\/li>\n\n\n\n<li>Rodica CHETROIU\n<ul class=\"wp-block-list\">\n<li>Country page Romania, Dairy Report 2018 \u2013 IFCN The Dairy Research Network, ISSN 1610-434X (disponibil la biblioteca)<\/li>\n<\/ul>\n<\/li>\n\n\n\n<li>Ruxandra-Eugenia POP\n<ul class=\"wp-block-list\">\n<li><em>The Poultry Meat and Eggs Consumption Impact on Salmonellosis Cases; in ICESS challenges and trends in economic and social sciences research<\/em> &#8211; ICESS challenges and trends in economic and social sciences research, <a href=\"https:\/\/econpapers.repec.org\/article\/romconase\/v_3a13ay3a2018_3ai_3a1_3ap_3a49-53.htm\" class=\"ek-link\">https:\/\/econpapers.repec.org\/article\/romconase\/v_3a1<em>3ay<\/em>3a2018_3ai_3a1_3ap_3a49-53.htm<\/a><\/li>\n<\/ul>\n<\/li>\n\n\n\n<li>Ruxandra-Eugenia POP Alexandra Marina BR\u0102TULESCU\n<ul class=\"wp-block-list\">\n<li><em>E-business application to improve traceability and supply chain for fresh food<\/em> &#8211; Journal article, Scientific Papers Series \u2013 Managment, Economic Engineering in Agriculture and Rural Development, Vol 18(2), <a href=\"https:\/\/managementjournal. usamv.ro\/pdf\/vol.18_2\/Art43.pdf\" class=\"ek-link\">https:\/\/managementjournal. usamv.ro\/pdf\/vol.18_2\/Art43.pdf<\/a><\/li>\n<\/ul>\n<\/li>\n\n\n\n<li>Ruxandra-Eugenia POP\n<ul class=\"wp-block-list\">\n<li><em>Tourism Impact Activity Over the Labour Market in the Romania Danube Region County\u2019s<\/em> &#8211; Journal article, Scientific Papers Series \u2013 Managment, Economic Engineering in Agriculture and Rural Development, Vol 18(2), <a>https:\/\/managementjournal.usamv.ro\/pdf\/vol.18_3\/Art41.pdf<\/a>&nbsp;<\/li>\n<\/ul>\n<\/li>\n\n\n\n<li>Ruxandra-Eugenia POP\n<ul class=\"wp-block-list\">\n<li><em>PAC substitutions impact on the tobacco market&nbsp;in Romania<\/em> &#8211; Simpozionul Interna\u021bional Economie Agrar\u0103 \u0219i Dezvoltare Rural\u0103 Realit\u0103\u021bi \u0219i Perspective pentru Rom\u00e2nia \u2013 edi\u021bia a IX a, Bucure\u0219ti \u2013 ICEADR, <a href=\"https:\/\/www.econstor.eu\/bitstream\/10419\/205121\/1\/ICEADR-2018-p286.pdf\" class=\"ek-link\">https:\/\/www.econstor.eu\/bitstream\/10419\/205121\/1\/ICEADR-2018-p286.pdf<\/a><\/li>\n<\/ul>\n<\/li>\n\n\n\n<li>Ruxandra-Eugenia POP, Diana CRE\u021aU\n<ul class=\"wp-block-list\">\n<li><em>Studiu privind pia\u0163a cartofilor din Rom\u00e2nia \u00een perioada 2007 \u2013 2016<\/em> &#8211; Oferta Cercet\u0103rii \u0218tiin\u021bifice pentru Transfer Tehnologic \u00een Agricultur\u0103, Industria Alimentar\u0103 \u0219i Silvicultur\u0103, Vol. XXI\/2018 (disponibil la biblioteca)<\/li>\n<\/ul>\n<\/li>\n\n\n\n<li>Ruxandra-Eugenia POP\n<ul class=\"wp-block-list\">\n<li><em>Studiu privind pia\u0163a tutunului din Rom\u00e2nia \u00een perioada 2007 \u2013 2016 &#8211;<\/em> Oferta Cercet\u0103rii \u0218tiin\u021bifice pentru Transfer Tehnologic \u00een Agricultur\u0103, Industria Alimentar\u0103 \u0219i Silvicultur\u0103, Vol. XXI\/2018 (disponibil la biblioteca)<\/li>\n<\/ul>\n<\/li>\n\n\n\n<li>Ruxandra-Eugenia POP\n<ul class=\"wp-block-list\">\n<li><em>Sugar Beet and Sugar Market in European and National Context<\/em> &#8211; Simpozionul Interna\u021bional Economie Agrar\u0103 \u0219i Dezvoltare Rural\u0103 Realit\u0103\u021bi \u0219i Perspective pentru Rom\u00e2nia \u2013 edi\u021bia a IX a, <a href=\"https:\/\/www.econstor.eu\/bitstream\/10419\/205122\/1\/ICEADR-2018-p291.pdf \" class=\"ek-link\">https:\/\/www.econstor.eu\/bitstream\/10419\/205122\/1\/ICEADR-2018-p291.pdf <\/a><\/li>\n<\/ul>\n<\/li>\n\n\n\n<li>Petru\u021ba Antoneta TUREK- RAHOVEANU\n<ul class=\"wp-block-list\">\n<li><em>The analysis of the technico-economic indicators for the main crops in the S-W Region between 2009-2017<\/em> &#8211; The 9 th International Symposium &#8220;Agrarian Economy and Rural Development &#8211; Realities and Perspectives for Romania&#8221;, <a href=\"https:\/\/symposium.iceadr.ro\/wp-content\/uploads\/2023\/03\/ICEADR-symposium-2018-ENG.pdf\">https:\/\/symposium.iceadr.ro\/wp-content\/uploads\/2023\/03\/ICEADR-symposium-2018-ENG.pdf<\/a><\/li>\n<\/ul>\n<\/li>\n\n\n\n<li>Diana Maria NECULA, Rozi Liliana BEREVOIANU, Eduard Alexandru DUMITRU\n<ul class=\"wp-block-list\">\n<li><em>Frame technology for chrysanthemums in the conventional and organic farming system <\/em>&#8211; Scientific Papers Series Management, Economic Engineering in Agriculture and Rural Development Vol.18(3)2018, ISSN 2284-7995, E-ISSN 2285-3952, <a href=\"https:\/\/managementjournal.usamv.ro\/pdf\/vol.18_3\/Art34.pdf\" class=\"ek-link\">https:\/\/managementjournal.usamv.ro\/pdf\/vol.18_3\/Art34.pdf<\/a><\/li>\n<\/ul>\n<\/li>\n\n\n\n<li>Raluca Alexandra NECULA, Diana Maria NECULA (ILIE), Manea DR\u0102GICI, Valentina TUDOR\n<ul class=\"wp-block-list\">\n<li><em>The main indicators evolution from the fruits and vegetables sector<\/em> &#8211; Simpozionului \u0218tiin\u021bific International \u2013 Agrarian Economy and Rural Development &#8211; Realities and Perspectives for Romania \u2013 ICEADR, Bucure\u0219ti, Edi\u021bia a 9-a, <a href=\"https:\/\/symposium.iceadr.ro\/wp-content\/uploads\/2023\/03\/ICEADR-symposium-2019-RO.pdf\">symposium.iceadr.ro\/wp-content\/uploads\/2023\/03\/ICEADR-symposium-2019-RO.pdf<\/a><\/li>\n<\/ul>\n<\/li>\n\n\n\n<li>Diana Maria NECULA(ILIE), Rozi Liliana BEREVOIANU\n<ul class=\"wp-block-list\">\n<li><em>Breakeven point analysis at cucumber crop in the conventional <\/em>&#8211; Simpozionului \u015etiin\u0163ific International \u2013 Agrarian Economy and Rural Development &#8211; Realities and Perspectives for Romania \u2013 ICEADR, Bucure\u015fti, 2018, ISSN 2285\u20136404, ISSN-L 2285\u20136803, <a href=\"https:\/\/symposium.iceadr.ro\/wp-content\/uploads\/2023\/03\/ICEADR-symposium-2018-ENG.pdf\" class=\"ek-link\">https:\/\/symposium.iceadr.ro\/wp-content\/uploads\/2023\/03\/ICEADR-symposium-2018-ENG.pdf<\/a><\/li>\n<\/ul>\n<\/li>\n\n\n\n<li>Valentina Constan\u021ba TUDOR, Ancu\u021ba MARIN, Diana ZAMFIR-VASCA, Marius Mihai MICU, Drago\u0219 Ion SMEDESCU\n<ul class=\"wp-block-list\">\n<li><em>The Influence of the Plastic Bags on the Environment<\/em> &#8211; Revista Materiale plastice, Vol.55, Nr.4, pag. 595-599, <a href=\"https:\/\/doi.org\/10.37358\/MP.18.4.5081\" class=\"ek-link\">https:\/\/doi.org\/10.37358\/MP.18.4.5081<\/a><\/li>\n<\/ul>\n<\/li>\n\n\n\n<li>Ancu\u021ba&nbsp; MARIN\n<ul class=\"wp-block-list\">\n<li><em>Analiza comparativ\u0103 a primelor trei macroregiuni agroturistice rom\u00e2ne\u0219ti<\/em> &#8211; The International Conference of the&nbsp;University of Agronomic Sciences and Veterinary Medicine of Bucharest Agriculture for Life, Life for Agriculture, ISSN 2284-7995, E-ISSN 2285-3952, <a href=\"http:\/\/managementjournal.usamv.ro\/index.php\/scientific-papers\/1664-comparative-analysis-of-the-first-three-romanian-agroturistic-macroregions-1664\">http:\/\/managementjournal.usamv.ro\/index.php\/scientific-papers\/1664-comparative-analysis-of-the-first-three-romanian-agroturistic-macroregions-1664<\/a><\/li>\n<\/ul>\n<\/li>\n<\/ol>\n","protected":false},"excerpt":{"rendered":"","protected":false},"author":1,"featured_media":0,"parent":799,"menu_order":0,"comment_status":"closed","ping_status":"closed","template":"","meta":{"_editorskit_title_hidden":false,"_editorskit_reading_time":0,"_editorskit_is_block_options_detached":false,"_editorskit_block_options_position":"{}","footnotes":""},"class_list":["post-993","page","type-page","status-publish","hentry"],"_links":{"self":[{"href":"https:\/\/iceadr.ro\/en\/wp-json\/wp\/v2\/pages\/993","targetHints":{"allow":["GET"]}}],"collection":[{"href":"https:\/\/iceadr.ro\/en\/wp-json\/wp\/v2\/pages"}],"about":[{"href":"https:\/\/iceadr.ro\/en\/wp-json\/wp\/v2\/types\/page"}],"author":[{"embeddable":true,"href":"https:\/\/iceadr.ro\/en\/wp-json\/wp\/v2\/users\/1"}],"replies":[{"embeddable":true,"href":"https:\/\/iceadr.ro\/en\/wp-json\/wp\/v2\/comments?post=993"}],"version-history":[{"count":26,"href":"https:\/\/iceadr.ro\/en\/wp-json\/wp\/v2\/pages\/993\/revisions"}],"predecessor-version":[{"id":1519,"href":"https:\/\/iceadr.ro\/en\/wp-json\/wp\/v2\/pages\/993\/revisions\/1519"}],"up":[{"embeddable":true,"href":"https:\/\/iceadr.ro\/en\/wp-json\/wp\/v2\/pages\/799"}],"wp:attachment":[{"href":"https:\/\/iceadr.ro\/en\/wp-json\/wp\/v2\/media?parent=993"}],"curies":[{"name":"wp","href":"https:\/\/api.w.org\/{rel}","templated":true}]}}