{"id":1674,"date":"2025-02-28T11:49:53","date_gmt":"2025-02-28T09:49:53","guid":{"rendered":"https:\/\/iceadr.ro\/en\/?page_id=1674"},"modified":"2025-02-28T11:49:53","modified_gmt":"2025-02-28T09:49:53","slug":"2024-3","status":"publish","type":"page","link":"https:\/\/iceadr.ro\/en\/2024-3\/","title":{"rendered":"2024"},"content":{"rendered":"\n<p><\/p>\n\n\n\n<figure class=\"wp-block-image is-resized\"><img decoding=\"async\" src=\"https:\/\/iceadr.ro\/wp-content\/uploads\/2025\/02\/COPERTA-CARTE-707x1024.png\" alt=\"\" class=\"wp-image-1755\" style=\"width:508px;height:auto\"\/><\/figure>\n\n\n\n<p>Rodica Chetroiu, Lidia Iurchevici, Diana Maria Ilie, Ancuta Marin, Alexandra Marina Manolache<br><strong>Titlu<\/strong>: Ghid&nbsp; tehnico-economic de gestionare agricola&nbsp; durabila a culturilor furajere in fermele&nbsp; zootehnice de vaci de lapte<br><strong>Editura<\/strong>: Universitar\u0103<br><strong>ISBN<\/strong>: 978-606-28-1818-0<br><strong>Anul aparitiei<\/strong>: 2024<\/p>\n\n\n\n<hr class=\"wp-block-separator has-alpha-channel-opacity\"\/>\n\n\n\n<figure class=\"wp-block-image is-resized\"><img decoding=\"async\" src=\"https:\/\/iceadr.ro\/wp-content\/uploads\/2025\/02\/COPERTA-BROSURA-710x1024.png\" alt=\"\" class=\"wp-image-1753\" style=\"width:517px;height:auto\"\/><\/figure>\n\n\n\n<p>Rodica CHETROIU, Lidia IURCHEVICI, Diana Maria ILIE, Petru\u021ba Antoneta TUREK-RAHOVEANU<br><strong>Titlu<\/strong>: Ghid tehnico-economic de gestionare agricola durabila a culturilor&nbsp; furajere in fermele zootehnice de tineret taurin la \u00eengr\u0103\u0219at. Gestionarea dejectiilor animale<br><strong>Editura<\/strong>: Universitar\u0103<br><strong>ISBN<\/strong>: 978-606-28-1819-7<br><strong>Anul aparitiei<\/strong>: 2024<\/p>\n\n\n\n<hr class=\"wp-block-separator has-alpha-channel-opacity\"\/>\n\n\n\n<figure class=\"wp-block-image is-resized\"><img decoding=\"async\" src=\"https:\/\/iceadr.ro\/wp-content\/uploads\/2025\/02\/analiza-sector-legume-2024-718x1024.png\" alt=\"\" class=\"wp-image-1750\" style=\"width:545px;height:auto\"\/><\/figure>\n\n\n\n<p>Diana Maria ILIE, Rozi Liliana BEREVOIANU, Andreea Daniela GIUCA<br><strong>Titlu<\/strong>: Analiza pie\u021bei sectorului legumicol \u00een Rom\u00e2nia \u0219i Uniunea European\u0103<br><strong>Editura<\/strong>: Terra Nostra<br><strong>ISBN<\/strong>: 978-606-623-165-7<br><strong>Anul aparitiei<\/strong>: 2024<\/p>\n\n\n\n<hr class=\"wp-block-separator has-alpha-channel-opacity\"\/>\n\n\n\n<figure class=\"wp-block-image is-resized\"><img decoding=\"async\" src=\"https:\/\/iceadr.ro\/wp-content\/uploads\/2025\/02\/ghid-legume-2024-731x1024.png\" alt=\"\" class=\"wp-image-1752\" style=\"width:571px;height:auto\"\/><\/figure>\n\n\n\n<p>Rozi Liliana BEREVOIANU, Diana Maria ILIE, Andreea Daniela GIUCA<br><strong>Titlu<\/strong>: Ghid de bune practici pentru cultivarea legumelor \u00een c\u00e2mp \u00een sistem ecologic, estim\u0103ri pentru 2023-2024<br><strong>Editura<\/strong>: Terra Nostra<br><strong>ISBN<\/strong>: 978-606-623-166-4<br><strong>Anul aparitiei<\/strong>: 2024<\/p>\n\n\n\n<hr class=\"wp-block-separator has-alpha-channel-opacity\"\/>\n\n\n\n<figure class=\"wp-block-image is-resized\"><img decoding=\"async\" src=\"https:\/\/iceadr.ro\/wp-content\/uploads\/2025\/02\/Coperta-Ana-ursu-738x1024.png\" alt=\"\" class=\"wp-image-1747\" style=\"width:598px;height:auto\"\/><\/figure>\n\n\n\n<p>Ana URSU<br><strong>Titlu<\/strong>: Eficien\u021ba economic\u0103 a sectorului agricol din Rom\u00e2nia<br><strong>Editura<\/strong>: Economica<br><strong>ISBN&nbsp;<\/strong>978-606-093-072-3<br><strong>Anul aparitiei<\/strong>: 2024<\/p>\n","protected":false},"excerpt":{"rendered":"<p>Rodica Chetroiu, Lidia Iurchevici, Diana Maria Ilie, Ancuta Marin, Alexandra Marina ManolacheTitlu: Ghid&nbsp; tehnico-economic de gestionare agricola&nbsp; durabila a culturilor furajere in fermele&nbsp; zootehnice de vaci de lapteEditura: Universitar\u0103ISBN: 978-606-28-1818-0Anul aparitiei: 2024 Rodica CHETROIU, Lidia IURCHEVICI, Diana Maria ILIE, Petru\u021ba Antoneta TUREK-RAHOVEANUTitlu: Ghid tehnico-economic de gestionare agricola durabila a culturilor&nbsp; furajere in fermele zootehnice de&#8230;<\/p>\n","protected":false},"author":1,"featured_media":0,"parent":0,"menu_order":0,"comment_status":"closed","ping_status":"closed","template":"","meta":{"_editorskit_title_hidden":false,"_editorskit_reading_time":0,"_editorskit_is_block_options_detached":false,"_editorskit_block_options_position":"{}","footnotes":""},"class_list":["post-1674","page","type-page","status-publish","hentry"],"_links":{"self":[{"href":"https:\/\/iceadr.ro\/en\/wp-json\/wp\/v2\/pages\/1674","targetHints":{"allow":["GET"]}}],"collection":[{"href":"https:\/\/iceadr.ro\/en\/wp-json\/wp\/v2\/pages"}],"about":[{"href":"https:\/\/iceadr.ro\/en\/wp-json\/wp\/v2\/types\/page"}],"author":[{"embeddable":true,"href":"https:\/\/iceadr.ro\/en\/wp-json\/wp\/v2\/users\/1"}],"replies":[{"embeddable":true,"href":"https:\/\/iceadr.ro\/en\/wp-json\/wp\/v2\/comments?post=1674"}],"version-history":[{"count":1,"href":"https:\/\/iceadr.ro\/en\/wp-json\/wp\/v2\/pages\/1674\/revisions"}],"predecessor-version":[{"id":1675,"href":"https:\/\/iceadr.ro\/en\/wp-json\/wp\/v2\/pages\/1674\/revisions\/1675"}],"wp:attachment":[{"href":"https:\/\/iceadr.ro\/en\/wp-json\/wp\/v2\/media?parent=1674"}],"curies":[{"name":"wp","href":"https:\/\/api.w.org\/{rel}","templated":true}]}}